{"id":2296,"date":"2021-10-12T11:06:28","date_gmt":"2021-10-12T09:06:38","guid":{"rendered":"https:\/\/www.bluemomentum-consulting.com\/?page_id=2296"},"modified":"2026-04-13T07:53:59","modified_gmt":"2026-04-13T05:53:59","slug":"about-us","status":"publish","type":"page","link":"https:\/\/www.bluemomentum-consulting.com\/en\/about-us\/","title":{"rendered":"About us"},"content":{"rendered":"\n<div class=\"wp-block-cover is-style-align-bottom\" style=\"min-height:300px;aspect-ratio:unset;\"><img loading=\"lazy\" decoding=\"async\" width=\"1997\" height=\"300\" class=\"wp-block-cover__image-background wp-image-3742\" alt=\"Eine Nahaufnahme von Zahnr\u00e4dern.\" src=\"https:\/\/www.bluemomentum-consulting.com\/wp-content\/uploads\/2023\/03\/title-4.jpg\" data-object-fit=\"cover\" srcset=\"https:\/\/www.bluemomentum-consulting.com\/wp-content\/uploads\/2023\/03\/title-4.jpg 1997w, https:\/\/www.bluemomentum-consulting.com\/wp-content\/uploads\/2023\/03\/title-4-300x45.jpg 300w, https:\/\/www.bluemomentum-consulting.com\/wp-content\/uploads\/2023\/03\/title-4-1024x154.jpg 1024w, https:\/\/www.bluemomentum-consulting.com\/wp-content\/uploads\/2023\/03\/title-4-1536x231.jpg 1536w\" sizes=\"auto, (max-width: 1997px) 100vw, 1997px\" \/><span aria-hidden=\"true\" class=\"wp-block-cover__background has-background-dim-100 has-background-dim wp-block-cover__gradient-background has-background-gradient\" style=\"background:linear-gradient(0deg,rgba(51,51,51,0.67) 0%,rgba(0,0,0,0) 100%)\"><\/span><div class=\"wp-block-cover__inner-container is-layout-flow wp-block-cover-is-layout-flow\">\n<h1 class=\"wp-block-heading has-text-align-center\"><strong><strong>About BlueMomentum Consulting<\/strong><\/strong><\/h1>\n<\/div><\/div>\n\n\n\n<div class=\"wp-block-group has-white-background-color has-background\"><div class=\"wp-block-group__inner-container is-layout-flow wp-block-group-is-layout-flow\">\n<div style=\"height:50px\" aria-hidden=\"true\" class=\"wp-block-spacer\"><\/div>\n\n\n\n<div class=\"wp-block-columns align-bottom is-layout-flex wp-container-core-columns-is-layout-9d6595d7 wp-block-columns-is-layout-flex\">\n<div class=\"wp-block-column is-layout-flow wp-block-column-is-layout-flow\" style=\"flex-basis:100%\">\n<div class=\"wp-block-columns is-style-vertical-center is-layout-flex wp-container-core-columns-is-layout-9d6595d7 wp-block-columns-is-layout-flex\">\n<div class=\"wp-block-column is-layout-flow wp-block-column-is-layout-flow\" style=\"flex-basis:5%\"><\/div>\n\n\n\n<div class=\"wp-block-column is-layout-flow wp-block-column-is-layout-flow\" style=\"flex-basis:90%\">\n<h2 class=\"wp-block-heading\"><strong><strong><strong><strong><strong><strong><strong><strong><strong><strong><strong><strong>System-oriented management consultancy<\/strong><\/strong><\/strong><\/strong><\/strong><\/strong><\/strong><\/strong><\/strong><\/strong><\/strong><\/strong><\/h2>\n\n\n\n<blockquote class=\"wp-block-quote is-style-large is-layout-flow wp-block-quote-is-layout-flow\">\n<p><em><em><em><em>\u2018What you want to ignite in others must burn within you.\u2019<\/em><\/em><\/em><\/em><\/p>\n<cite><strong>Aurelius Augustinus<\/strong><br>Roman bishop and Doctor of the Church (354-430 n. Chr.)<\/cite><\/blockquote>\n\n\n\n<hr class=\"wp-block-separator has-text-color has-lightgrey-color has-alpha-channel-opacity has-lightgrey-background-color has-background is-style-default\"\/>\n\n\n\n<p><strong>Management consultancy and interim management from a single source<\/strong>. For several decades, we have been the business experts for manufacturing companies, industry-related service providers, investors and commercial banks. Founded by Dr Werner Boysen, the BlueMomentum Consulting label today stands for a broad network of experts who can provide you with professional advice.<\/p>\n\n\n\n<h2 class=\"wp-block-heading\"><strong>Our networked and collaborative way of working<\/strong><\/h2>\n\n\n\n<p>Every project has its own nature. That&#8217;s why we involve proven experts in our projects, whose support enables us to deliver exactly the benefits our customers need. <strong>We are passionate about what we do and how we do it<\/strong>. We are focussed in our work and communicate openly, clearly and relevantly.<\/p>\n\n\n\n<p>When we critically scrutinise established concepts and practices, we do so in order to really find the best solutions &#8211; creatively and free from perceived ties. In our mandates, we attach great importance to partnership with our clients. This not only enables us to achieve good results together, but also makes the work fun for everyone involved.<\/p>\n\n\n\n<div style=\"height:30px\" aria-hidden=\"true\" class=\"wp-block-spacer is-style-s30\"><\/div>\n<\/div>\n\n\n\n<div class=\"wp-block-column is-layout-flow wp-block-column-is-layout-flow\" style=\"flex-basis:5%\"><\/div>\n<\/div>\n<\/div>\n<\/div>\n<\/div><\/div>\n\n\n\n<div class=\"wp-block-group\"><div class=\"wp-block-group__inner-container is-layout-flow wp-block-group-is-layout-flow\">\n<div style=\"height:30px\" aria-hidden=\"true\" class=\"wp-block-spacer is-style-s30\"><\/div>\n\n\n\n<div class=\"wp-block-columns is-layout-flex wp-container-core-columns-is-layout-9d6595d7 wp-block-columns-is-layout-flex\">\n<div class=\"wp-block-column is-layout-flow wp-block-column-is-layout-flow\" style=\"flex-basis:5%\"><\/div>\n\n\n\n<div class=\"wp-block-column is-layout-flow wp-block-column-is-layout-flow\" style=\"flex-basis:95%\">\n<h3 class=\"wp-block-heading\"><strong>The link to cybernetics<\/strong><\/h3>\n\n\n\n<p>During his doctorate in business administration, in particular business informatics and information management, at WHU, Dr Werner Boysen was introduced to the possibilities of cybernetics, the science of systems, by his doctoral supervisor and discovered <strong>cybernetic principles as interesting approaches <\/strong>for dealing appropriately with dynamic and complex situations. Since then, he has derived and tested useful tools from the basic ideas of cybernetics for application in business practice.<\/p>\n\n\n\n<p><strong>Companies are dynamic and complex systems <\/strong>whose functioning cannot be analysed using traditional methods alone. A balanced mix of classic and cybernetic methods is recommended in order to understand companies and manage them in a system-orientated manner.<\/p>\n\n\n\n<p><strong>After 13 years of specialist and management responsibility in industry<\/strong>, Dr Boysen set up his own business as a management consultant and interim manager at the age of 40 in order to contribute his experience to companies and further expand his knowledge across companies and sectors.<\/p>\n\n\n\n<p>As a member of the Dachgesellschaft f\u00fcr Deutsches Interim Management (DDIM) and a member of the Deutsche Gesellschaft f\u00fcr System Dynamics and the Gesellschaft f\u00fcr Wirtschafts- und Sozialkybernetik (GWS), Dr Werner Boysen brings both worlds together, thereby unlocking stability, profitability and value.<\/p>\n\n\n\n<p>Dr Boysen discusses his approaches with colleagues in the Dachgesellschaft Deutsches Interim Management (DDIM) and in the Bundesverband freier KMU-Berater, in which he is active as a board member of the KMU-Beraterakademie.<\/p>\n\n\n\n<div style=\"height:30px\" aria-hidden=\"true\" class=\"wp-block-spacer is-style-s30\"><\/div>\n<\/div>\n\n\n\n<div class=\"wp-block-column is-layout-flow wp-block-column-is-layout-flow\" style=\"flex-basis:5%\"><\/div>\n<\/div>\n<\/div><\/div>\n\n\n\n<div class=\"wp-block-group has-white-background-color has-background\"><div class=\"wp-block-group__inner-container is-layout-flow wp-block-group-is-layout-flow\">\n<div style=\"height:30px\" aria-hidden=\"true\" class=\"wp-block-spacer is-style-s50\"><\/div>\n\n\n\n<div class=\"wp-block-columns divided vertical-align-buttons is-layout-flex wp-container-core-columns-is-layout-9d6595d7 wp-block-columns-is-layout-flex\">\n<div class=\"wp-block-column is-layout-flow wp-block-column-is-layout-flow\">\n<h3 class=\"wp-block-heading has-text-align-left\"><strong><strong>Vita Dr Boysen<\/strong><\/strong><\/h3>\n\n\n\n<p class=\"has-text-align-left\">Find out more about the professional career of our founder Dr Werner Boysen.<\/p>\n\n\n\n<div class=\"wp-block-buttons is-horizontal is-content-justification-left is-layout-flex wp-container-core-buttons-is-layout-7e5fce0a wp-block-buttons-is-layout-flex\">\n<div class=\"wp-block-button is-style-outline is-style-outline--1\"><a class=\"wp-block-button__link has-text-color has-normal-font-size has-custom-font-size wp-element-button\" href=\"https:\/\/www.bluemomentum-consulting.com\/en\/about-us\/vita\/\" style=\"color:#187697\">Learn more<\/a><\/div>\n<\/div>\n<\/div>\n\n\n\n<div class=\"wp-block-column is-layout-flow wp-block-column-is-layout-flow\">\n<h3 class=\"wp-block-heading has-text-align-left\"><strong><strong>References<\/strong><\/strong><\/h3>\n\n\n\n<p class=\"has-text-align-left\">These customers from industry, production and investment are happy to place their trust in our expertise.<\/p>\n\n\n\n<div class=\"wp-block-buttons is-horizontal is-content-justification-left is-layout-flex wp-container-core-buttons-is-layout-7e5fce0a wp-block-buttons-is-layout-flex\">\n<div class=\"wp-block-button is-style-outline is-style-outline--2\"><a class=\"wp-block-button__link has-text-color has-normal-font-size has-custom-font-size wp-element-button\" href=\"https:\/\/www.bluemomentum-consulting.com\/en\/about-us\/references\/\" style=\"color:#187697\">Learn more<\/a><\/div>\n<\/div>\n<\/div>\n\n\n\n<div class=\"wp-block-column is-layout-flow wp-block-column-is-layout-flow\">\n<h3 class=\"wp-block-heading has-text-align-left\"><strong>Case Studies<\/strong><\/h3>\n\n\n\n<p class=\"has-text-align-left\">Showing what is possible: Find out more about our successfully completed projects.<\/p>\n\n\n\n<div class=\"wp-block-buttons is-horizontal is-content-justification-left is-layout-flex wp-container-core-buttons-is-layout-7e5fce0a wp-block-buttons-is-layout-flex\">\n<div class=\"wp-block-button is-style-outline is-style-outline--3\"><a class=\"wp-block-button__link has-text-color has-normal-font-size has-custom-font-size wp-element-button\" href=\"https:\/\/www.bluemomentum-consulting.com\/en\/about-us\/case-studies\/\" style=\"color:#187697\">Learn more<\/a><\/div>\n<\/div>\n<\/div>\n\n\n\n<div class=\"wp-block-column is-layout-flow wp-block-column-is-layout-flow\">\n<h3 class=\"wp-block-heading has-text-align-left\"><strong>Publications<\/strong><\/h3>\n\n\n\n<p>Publications by Dr Werner Boysen: We share our experience and findings.<\/p>\n\n\n\n<div class=\"wp-block-buttons is-horizontal is-content-justification-left is-layout-flex wp-container-core-buttons-is-layout-7e5fce0a wp-block-buttons-is-layout-flex\">\n<div class=\"wp-block-button is-style-outline is-style-outline--4\"><a class=\"wp-block-button__link has-text-color has-normal-font-size has-custom-font-size wp-element-button\" href=\"https:\/\/www.bluemomentum-consulting.com\/en\/about-us\/publications\/\" style=\"color:#187697\">Learn more<\/a><\/div>\n<\/div>\n<\/div>\n<\/div>\n<\/div><\/div>\n","protected":false},"excerpt":{"rendered":"<p>System-oriented management consultancy \u2018What you want to ignite in others must burn within you.\u2019 Management consultancy and interim management from a single source. For several decades, we have been the business experts for manufacturing companies, industry-related service providers, investors and commercial banks. Founded by Dr Werner Boysen, the BlueMomentum Consulting label today stands for a <a href=\"https:\/\/www.bluemomentum-consulting.com\/en\/about-us\/\" class=\"more-link\">&#8230;<\/a><\/p>\n","protected":false},"author":1,"featured_media":0,"parent":0,"menu_order":4,"comment_status":"closed","ping_status":"closed","template":"","meta":{"footnotes":""},"class_list":["post-2296","page","type-page","status-publish","hentry"],"_links":{"self":[{"href":"https:\/\/www.bluemomentum-consulting.com\/en\/wp-json\/wp\/v2\/pages\/2296","targetHints":{"allow":["GET"]}}],"collection":[{"href":"https:\/\/www.bluemomentum-consulting.com\/en\/wp-json\/wp\/v2\/pages"}],"about":[{"href":"https:\/\/www.bluemomentum-consulting.com\/en\/wp-json\/wp\/v2\/types\/page"}],"author":[{"embeddable":true,"href":"https:\/\/www.bluemomentum-consulting.com\/en\/wp-json\/wp\/v2\/users\/1"}],"replies":[{"embeddable":true,"href":"https:\/\/www.bluemomentum-consulting.com\/en\/wp-json\/wp\/v2\/comments?post=2296"}],"version-history":[{"count":12,"href":"https:\/\/www.bluemomentum-consulting.com\/en\/wp-json\/wp\/v2\/pages\/2296\/revisions"}],"predecessor-version":[{"id":9205,"href":"https:\/\/www.bluemomentum-consulting.com\/en\/wp-json\/wp\/v2\/pages\/2296\/revisions\/9205"}],"wp:attachment":[{"href":"https:\/\/www.bluemomentum-consulting.com\/en\/wp-json\/wp\/v2\/media?parent=2296"}],"curies":[{"name":"wp","href":"https:\/\/api.w.org\/{rel}","templated":true}]}}